{"id":1510,"date":"2020-08-23T17:28:08","date_gmt":"2020-08-23T15:28:08","guid":{"rendered":"https:\/\/quovidis.org\/?page_id=1510"},"modified":"2020-08-23T17:29:57","modified_gmt":"2020-08-23T15:29:57","slug":"impressum","status":"publish","type":"page","link":"https:\/\/quovidis.com\/pt-br\/impressum\/","title":{"rendered":"Impressum"},"content":{"rendered":"\t\t<div data-elementor-type=\"wp-page\" data-elementor-id=\"1510\" class=\"elementor elementor-1510 elementor-260\" data-elementor-post-type=\"page\">\n\t\t\t\t\t\t<section class=\"has_eae_slider elementor-section elementor-top-section elementor-element elementor-element-0249605 elementor-section-boxed elementor-section-height-default elementor-section-height-default\" data-eae-slider=\"82797\" data-id=\"0249605\" data-element_type=\"section\" data-e-type=\"section\">\n\t\t\t\t\t\t<div class=\"elementor-container elementor-column-gap-default\">\n\t\t\t\t\t<div class=\"has_eae_slider elementor-column elementor-col-50 elementor-top-column elementor-element elementor-element-9558067\" data-eae-slider=\"54097\" data-id=\"9558067\" data-element_type=\"column\" data-e-type=\"column\">\n\t\t\t<div class=\"elementor-widget-wrap elementor-element-populated\">\n\t\t\t\t\t\t<div class=\"elementor-element elementor-element-a9de316 elementor-widget elementor-widget-image\" data-id=\"a9de316\" data-element_type=\"widget\" data-e-type=\"widget\" data-widget_type=\"image.default\">\n\t\t\t\t<div class=\"elementor-widget-container\">\n\t\t\t\t\t\t\t\t\t\t\t\t\t\t\t<img fetchpriority=\"high\" decoding=\"async\" width=\"407\" height=\"487\" src=\"https:\/\/quovidis.com\/wp-content\/uploads\/2020\/08\/perspectives.ch_2016.png\" class=\"attachment-large size-large wp-image-1512\" alt=\"\" srcset=\"https:\/\/quovidis.com\/wp-content\/uploads\/2020\/08\/perspectives.ch_2016.png 407w, https:\/\/quovidis.com\/wp-content\/uploads\/2020\/08\/perspectives.ch_2016-251x300.png 251w\" sizes=\"(max-width: 407px) 100vw, 407px\" \/>\t\t\t\t\t\t\t\t\t\t\t\t\t\t\t<\/div>\n\t\t\t\t<\/div>\n\t\t\t\t\t<\/div>\n\t\t<\/div>\n\t\t\t\t<div class=\"has_eae_slider elementor-column elementor-col-50 elementor-top-column elementor-element elementor-element-72421e9\" data-eae-slider=\"6110\" data-id=\"72421e9\" data-element_type=\"column\" data-e-type=\"column\">\n\t\t\t<div class=\"elementor-widget-wrap elementor-element-populated\">\n\t\t\t\t\t\t<div class=\"elementor-element elementor-element-918fd3b elementor-widget elementor-widget-text-editor\" data-id=\"918fd3b\" data-element_type=\"widget\" data-e-type=\"widget\" data-widget_type=\"text-editor.default\">\n\t\t\t\t<div class=\"elementor-widget-container\">\n\t\t\t\t\t\t\t\t\t<p>Quovidis \u00e9 um servi\u00e7o prestado pela Perspectives Software Solutions GmbH, Zurique, Su\u00ed\u00e7a.<\/p><p>Perspectives Software Solutions GmbH<br \/>Birmensdorferstrasse 101<br \/>CH-8003 Zurich<br \/>Switzerland<\/p><p>E-mail\u00a0<a href=\"mailto:of****@**********es.ch\" data-original-string=\"tdQkvWNM7ckHPggrz29gYg==68ch+Xp\/\/AJ8GYhY7MJhZp1siJfBrWjl9IcPXOXHqHAXco=\" title=\"This contact has been encoded by Anti-Spam by CleanTalk. Click to decode. To finish the decoding make sure that JavaScript is enabled in your browser.\"><span \n                data-original-string='uxlTq2TBzhjnpbcVv6Glkw==68cqsHaJlcqnisbRHuLTBlioR0wv6V5AcijGQsmgbvGCig='\n                class='apbct-email-encoder'\n                title='This contact has been encoded by Anti-Spam by CleanTalk. Click to decode. To finish the decoding make sure that JavaScript is enabled in your browser.'>of<span class=\"apbct-blur\">****<\/span>@<span class=\"apbct-blur\">**********<\/span>es.ch<\/span><\/a><\/p><p><a href=\"https:\/\/www.perspectives.ch\/\" target=\"_blank\" rel=\"noopener\">https:\/\/www.perspectives.ch<\/a><\/p><p>Todos os nomes de empresas, logotipos, marcas registradas e nomes de produtos mencionados ou mostrados aqui, ou em websites associados ou em produtos de software podem ser marcas registradas ou marcas comerciais protegidas por direitos autorais de seus respectivos propriet\u00e1rios.<\/p>\t\t\t\t\t\t\t\t<\/div>\n\t\t\t\t<\/div>\n\t\t\t\t\t<\/div>\n\t\t<\/div>\n\t\t\t\t\t<\/div>\n\t\t<\/section>\n\t\t\t\t<\/div>\n\t\t","protected":false},"excerpt":{"rendered":"<p>Quovidis \u00e9 um servi\u00e7o prestado pela Perspectives Software Solutions GmbH, Zurique, Su\u00ed\u00e7a. Perspectives Software Solutions GmbHBirmensdorferstrasse 101CH-8003 ZurichSwitzerland E-mail\u00a0of****@**********es.ch https:\/\/www.perspectives.ch Todos os nomes de empresas, logotipos, marcas registradas e nomes de produtos mencionados ou mostrados aqui, ou em websites associados ou em produtos de software podem ser marcas registradas ou marcas comerciais protegidas por direitos [&hellip;]<\/p>\n","protected":false},"author":1,"featured_media":0,"parent":0,"menu_order":0,"comment_status":"closed","ping_status":"closed","template":"","meta":{"footnotes":""},"class_list":["post-1510","page","type-page","status-publish","hentry"],"yoast_head":"<!-- This site is optimized with the Yoast SEO Premium plugin v14.9 - https:\/\/yoast.com\/wordpress\/plugins\/seo\/ -->\n<title>Impressum - Quovidis<\/title>\n<meta name=\"robots\" content=\"index, follow, max-snippet:-1, max-image-preview:large, max-video-preview:-1\" \/>\n<link rel=\"canonical\" href=\"https:\/\/quovidis.com\/pt-br\/impressum\/\" \/>\n<meta property=\"og:locale\" content=\"pt_BR\" \/>\n<meta property=\"og:type\" content=\"article\" \/>\n<meta property=\"og:title\" content=\"Impressum - Quovidis\" \/>\n<meta property=\"og:description\" content=\"Quovidis \u00e9 um servi\u00e7o prestado pela Perspectives Software Solutions GmbH, Zurique, Su\u00ed\u00e7a. Perspectives Software Solutions GmbHBirmensdorferstrasse 101CH-8003 ZurichSwitzerland E-mail\u00a0of****@**********es.ch https:\/\/www.perspectives.ch Todos os nomes de empresas, logotipos, marcas registradas e nomes de produtos mencionados ou mostrados aqui, ou em websites associados ou em produtos de software podem ser marcas registradas ou marcas comerciais protegidas por direitos [&hellip;]\" \/>\n<meta property=\"og:url\" content=\"https:\/\/quovidis.com\/pt-br\/impressum\/\" \/>\n<meta property=\"og:site_name\" content=\"Quovidis\" \/>\n<meta property=\"article:modified_time\" content=\"2020-08-23T15:29:57+00:00\" \/>\n<meta property=\"og:image\" content=\"https:\/\/quovidis.org\/wp-content\/uploads\/2020\/08\/perspectives.ch_2016.png\" \/>\n<meta name=\"twitter:card\" content=\"summary_large_image\" \/>\n<script type=\"application\/ld+json\" class=\"yoast-schema-graph\">{\"@context\":\"https:\/\/schema.org\",\"@graph\":[{\"@type\":\"WebSite\",\"@id\":\"https:\/\/quovidis.com\/pt-br\/#website\",\"url\":\"https:\/\/quovidis.com\/pt-br\/\",\"name\":\"Quovidis\",\"description\":\"Receive information from places you&#039;ve visited -  100% anonymously\",\"potentialAction\":[{\"@type\":\"SearchAction\",\"target\":\"https:\/\/quovidis.com\/pt-br\/?s={search_term_string}\",\"query-input\":\"required name=search_term_string\"}],\"inLanguage\":\"pt-BR\"},{\"@type\":\"ImageObject\",\"@id\":\"https:\/\/quovidis.com\/pt-br\/impressum\/#primaryimage\",\"inLanguage\":\"pt-BR\",\"url\":\"https:\/\/quovidis.org\/wp-content\/uploads\/2020\/08\/perspectives.ch_2016.png\"},{\"@type\":\"WebPage\",\"@id\":\"https:\/\/quovidis.com\/pt-br\/impressum\/#webpage\",\"url\":\"https:\/\/quovidis.com\/pt-br\/impressum\/\",\"name\":\"Impressum - Quovidis\",\"isPartOf\":{\"@id\":\"https:\/\/quovidis.com\/pt-br\/#website\"},\"primaryImageOfPage\":{\"@id\":\"https:\/\/quovidis.com\/pt-br\/impressum\/#primaryimage\"},\"datePublished\":\"2020-08-23T15:28:08+00:00\",\"dateModified\":\"2020-08-23T15:29:57+00:00\",\"inLanguage\":\"pt-BR\",\"potentialAction\":[{\"@type\":\"ReadAction\",\"target\":[\"https:\/\/quovidis.com\/pt-br\/impressum\/\"]}]}]}<\/script>\n<!-- \/ Yoast SEO Premium plugin. -->","_links":{"self":[{"href":"https:\/\/quovidis.com\/pt-br\/wp-json\/wp\/v2\/pages\/1510","targetHints":{"allow":["GET"]}}],"collection":[{"href":"https:\/\/quovidis.com\/pt-br\/wp-json\/wp\/v2\/pages"}],"about":[{"href":"https:\/\/quovidis.com\/pt-br\/wp-json\/wp\/v2\/types\/page"}],"author":[{"embeddable":true,"href":"https:\/\/quovidis.com\/pt-br\/wp-json\/wp\/v2\/users\/1"}],"replies":[{"embeddable":true,"href":"https:\/\/quovidis.com\/pt-br\/wp-json\/wp\/v2\/comments?post=1510"}],"version-history":[{"count":0,"href":"https:\/\/quovidis.com\/pt-br\/wp-json\/wp\/v2\/pages\/1510\/revisions"}],"wp:attachment":[{"href":"https:\/\/quovidis.com\/pt-br\/wp-json\/wp\/v2\/media?parent=1510"}],"curies":[{"name":"wp","href":"https:\/\/api.w.org\/{rel}","templated":true}]}}