{"id":1499,"date":"2020-08-23T16:58:25","date_gmt":"2020-08-23T14:58:25","guid":{"rendered":"https:\/\/quovidis.org\/?page_id=1499"},"modified":"2020-08-23T17:27:51","modified_gmt":"2020-08-23T15:27:51","slug":"impressum","status":"publish","type":"page","link":"https:\/\/quovidis.com\/fr\/impressum\/","title":{"rendered":"Impressum"},"content":{"rendered":"\t\t<div data-elementor-type=\"wp-page\" data-elementor-id=\"1499\" class=\"elementor elementor-1499 elementor-260\" data-elementor-post-type=\"page\">\n\t\t\t\t\t\t<section class=\"has_eae_slider elementor-section elementor-top-section elementor-element elementor-element-0249605 elementor-section-boxed elementor-section-height-default elementor-section-height-default\" data-eae-slider=\"59740\" data-id=\"0249605\" data-element_type=\"section\" data-e-type=\"section\">\n\t\t\t\t\t\t<div class=\"elementor-container elementor-column-gap-default\">\n\t\t\t\t\t<div class=\"has_eae_slider elementor-column elementor-col-50 elementor-top-column elementor-element elementor-element-9558067\" data-eae-slider=\"52667\" data-id=\"9558067\" data-element_type=\"column\" data-e-type=\"column\">\n\t\t\t<div class=\"elementor-widget-wrap elementor-element-populated\">\n\t\t\t\t\t\t<div class=\"elementor-element elementor-element-a9de316 elementor-widget elementor-widget-image\" data-id=\"a9de316\" data-element_type=\"widget\" data-e-type=\"widget\" data-widget_type=\"image.default\">\n\t\t\t\t<div class=\"elementor-widget-container\">\n\t\t\t\t\t\t\t\t\t\t\t\t\t\t\t<img fetchpriority=\"high\" decoding=\"async\" width=\"407\" height=\"487\" src=\"https:\/\/quovidis.com\/wp-content\/uploads\/2020\/08\/perspectives.ch_2016.png\" class=\"attachment-large size-large wp-image-1501\" alt=\"\" srcset=\"https:\/\/quovidis.com\/wp-content\/uploads\/2020\/08\/perspectives.ch_2016.png 407w, https:\/\/quovidis.com\/wp-content\/uploads\/2020\/08\/perspectives.ch_2016-251x300.png 251w\" sizes=\"(max-width: 407px) 100vw, 407px\" \/>\t\t\t\t\t\t\t\t\t\t\t\t\t\t\t<\/div>\n\t\t\t\t<\/div>\n\t\t\t\t\t<\/div>\n\t\t<\/div>\n\t\t\t\t<div class=\"has_eae_slider elementor-column elementor-col-50 elementor-top-column elementor-element elementor-element-72421e9\" data-eae-slider=\"82875\" data-id=\"72421e9\" data-element_type=\"column\" data-e-type=\"column\">\n\t\t\t<div class=\"elementor-widget-wrap elementor-element-populated\">\n\t\t\t\t\t\t<div class=\"elementor-element elementor-element-918fd3b elementor-widget elementor-widget-text-editor\" data-id=\"918fd3b\" data-element_type=\"widget\" data-e-type=\"widget\" data-widget_type=\"text-editor.default\">\n\t\t\t\t<div class=\"elementor-widget-container\">\n\t\t\t\t\t\t\t\t\t<p>Quovidis est un service fourni par Perspectives Software Solutions S\u00e0rl, Zurich, Suisse.<\/p><p>Perspectives Software Solutions S\u00e0rl<br \/>Birmensdorferstrasse 101<br \/>CH-8003 Zurich<br \/>Suisse<\/p><p>E-mail\u00a0<a href=\"mailto:of****@**********es.ch\" data-original-string=\"MMhW3cCu\/KY4+rwwhTV2Mg==68cPIIWi2G0jfOFIXYj\/eOneVeLPQya8wtPwxMpC5l66ao=\" title=\"This contact has been encoded by Anti-Spam by CleanTalk. Click to decode. To finish the decoding make sure that JavaScript is enabled in your browser.\"><span \n                data-original-string='Hia\/zm\/QXlHdqrzzglpaVw==68cFq1\/Ou+wrU2ZlImmenq5TsbVws34K93IywJB\/y+Q3V4='\n                class='apbct-email-encoder'\n                title='This contact has been encoded by Anti-Spam by CleanTalk. Click to decode. To finish the decoding make sure that JavaScript is enabled in your browser.'>of<span class=\"apbct-blur\">****<\/span>@<span class=\"apbct-blur\">**********<\/span>es.ch<\/span><\/a><\/p><p><a href=\"https:\/\/www.perspectives.ch\/\" target=\"_blank\" rel=\"noopener\">https:\/\/www.perspectives.ch<\/a><\/p><p>Tous les noms de soci\u00e9t\u00e9s, logos, marques commerciales et noms de produits mentionn\u00e9s ou montr\u00e9s ici, ou sur des sites web associ\u00e9s ou dans des produits logiciels peuvent \u00eatre des marques commerciales prot\u00e9g\u00e9es par le droit d&rsquo;auteur ou des marques d\u00e9pos\u00e9es par leurs propri\u00e9taires respectifs.<\/p>\t\t\t\t\t\t\t\t<\/div>\n\t\t\t\t<\/div>\n\t\t\t\t\t<\/div>\n\t\t<\/div>\n\t\t\t\t\t<\/div>\n\t\t<\/section>\n\t\t\t\t<\/div>\n\t\t","protected":false},"excerpt":{"rendered":"<p>Quovidis est un service fourni par Perspectives Software Solutions S\u00e0rl, Zurich, Suisse. Perspectives Software Solutions S\u00e0rlBirmensdorferstrasse 101CH-8003 ZurichSuisse E-mail\u00a0of****@**********es.ch https:\/\/www.perspectives.ch Tous les noms de soci\u00e9t\u00e9s, logos, marques commerciales et noms de produits mentionn\u00e9s ou montr\u00e9s ici, ou sur des sites web associ\u00e9s ou dans des produits logiciels peuvent \u00eatre des marques commerciales prot\u00e9g\u00e9es par le [&hellip;]<\/p>\n","protected":false},"author":1,"featured_media":0,"parent":0,"menu_order":0,"comment_status":"closed","ping_status":"closed","template":"","meta":{"footnotes":""},"class_list":["post-1499","page","type-page","status-publish","hentry"],"yoast_head":"<!-- This site is optimized with the Yoast SEO Premium plugin v14.9 - https:\/\/yoast.com\/wordpress\/plugins\/seo\/ -->\n<title>Impressum - Quovidis<\/title>\n<meta name=\"robots\" content=\"index, follow, max-snippet:-1, max-image-preview:large, max-video-preview:-1\" \/>\n<link rel=\"canonical\" href=\"https:\/\/quovidis.com\/fr\/impressum\/\" \/>\n<meta property=\"og:locale\" content=\"fr_FR\" \/>\n<meta property=\"og:type\" content=\"article\" \/>\n<meta property=\"og:title\" content=\"Impressum - Quovidis\" \/>\n<meta property=\"og:description\" content=\"Quovidis est un service fourni par Perspectives Software Solutions S\u00e0rl, Zurich, Suisse. Perspectives Software Solutions S\u00e0rlBirmensdorferstrasse 101CH-8003 ZurichSuisse E-mail\u00a0of****@**********es.ch https:\/\/www.perspectives.ch Tous les noms de soci\u00e9t\u00e9s, logos, marques commerciales et noms de produits mentionn\u00e9s ou montr\u00e9s ici, ou sur des sites web associ\u00e9s ou dans des produits logiciels peuvent \u00eatre des marques commerciales prot\u00e9g\u00e9es par le [&hellip;]\" \/>\n<meta property=\"og:url\" content=\"https:\/\/quovidis.com\/fr\/impressum\/\" \/>\n<meta property=\"og:site_name\" content=\"Quovidis\" \/>\n<meta property=\"article:modified_time\" content=\"2020-08-23T15:27:51+00:00\" \/>\n<meta property=\"og:image\" content=\"https:\/\/quovidis.org\/wp-content\/uploads\/2020\/08\/perspectives.ch_2016.png\" \/>\n<meta name=\"twitter:card\" content=\"summary_large_image\" \/>\n<script type=\"application\/ld+json\" class=\"yoast-schema-graph\">{\"@context\":\"https:\/\/schema.org\",\"@graph\":[{\"@type\":\"WebSite\",\"@id\":\"https:\/\/quovidis.com\/fr\/#website\",\"url\":\"https:\/\/quovidis.com\/fr\/\",\"name\":\"Quovidis\",\"description\":\"Receive information from places you&#039;ve visited -  100% anonymously\",\"potentialAction\":[{\"@type\":\"SearchAction\",\"target\":\"https:\/\/quovidis.com\/fr\/?s={search_term_string}\",\"query-input\":\"required name=search_term_string\"}],\"inLanguage\":\"fr-FR\"},{\"@type\":\"ImageObject\",\"@id\":\"https:\/\/quovidis.com\/fr\/impressum\/#primaryimage\",\"inLanguage\":\"fr-FR\",\"url\":\"https:\/\/quovidis.org\/wp-content\/uploads\/2020\/08\/perspectives.ch_2016.png\"},{\"@type\":\"WebPage\",\"@id\":\"https:\/\/quovidis.com\/fr\/impressum\/#webpage\",\"url\":\"https:\/\/quovidis.com\/fr\/impressum\/\",\"name\":\"Impressum - Quovidis\",\"isPartOf\":{\"@id\":\"https:\/\/quovidis.com\/fr\/#website\"},\"primaryImageOfPage\":{\"@id\":\"https:\/\/quovidis.com\/fr\/impressum\/#primaryimage\"},\"datePublished\":\"2020-08-23T14:58:25+00:00\",\"dateModified\":\"2020-08-23T15:27:51+00:00\",\"inLanguage\":\"fr-FR\",\"potentialAction\":[{\"@type\":\"ReadAction\",\"target\":[\"https:\/\/quovidis.com\/fr\/impressum\/\"]}]}]}<\/script>\n<!-- \/ Yoast SEO Premium plugin. -->","_links":{"self":[{"href":"https:\/\/quovidis.com\/fr\/wp-json\/wp\/v2\/pages\/1499","targetHints":{"allow":["GET"]}}],"collection":[{"href":"https:\/\/quovidis.com\/fr\/wp-json\/wp\/v2\/pages"}],"about":[{"href":"https:\/\/quovidis.com\/fr\/wp-json\/wp\/v2\/types\/page"}],"author":[{"embeddable":true,"href":"https:\/\/quovidis.com\/fr\/wp-json\/wp\/v2\/users\/1"}],"replies":[{"embeddable":true,"href":"https:\/\/quovidis.com\/fr\/wp-json\/wp\/v2\/comments?post=1499"}],"version-history":[{"count":0,"href":"https:\/\/quovidis.com\/fr\/wp-json\/wp\/v2\/pages\/1499\/revisions"}],"wp:attachment":[{"href":"https:\/\/quovidis.com\/fr\/wp-json\/wp\/v2\/media?parent=1499"}],"curies":[{"name":"wp","href":"https:\/\/api.w.org\/{rel}","templated":true}]}}