{"id":1514,"date":"2020-08-23T17:30:18","date_gmt":"2020-08-23T15:30:18","guid":{"rendered":"https:\/\/quovidis.org\/?page_id=1514"},"modified":"2020-08-23T17:31:29","modified_gmt":"2020-08-23T15:31:29","slug":"impressum","status":"publish","type":"page","link":"https:\/\/quovidis.com\/es\/impressum\/","title":{"rendered":"Impressum"},"content":{"rendered":"\t\t<div data-elementor-type=\"wp-page\" data-elementor-id=\"1514\" class=\"elementor elementor-1514 elementor-260\" data-elementor-post-type=\"page\">\n\t\t\t\t\t\t<section class=\"has_eae_slider elementor-section elementor-top-section elementor-element elementor-element-0249605 elementor-section-boxed elementor-section-height-default elementor-section-height-default\" data-eae-slider=\"93053\" data-id=\"0249605\" data-element_type=\"section\" data-e-type=\"section\">\n\t\t\t\t\t\t<div class=\"elementor-container elementor-column-gap-default\">\n\t\t\t\t\t<div class=\"has_eae_slider elementor-column elementor-col-50 elementor-top-column elementor-element elementor-element-9558067\" data-eae-slider=\"94997\" data-id=\"9558067\" data-element_type=\"column\" data-e-type=\"column\">\n\t\t\t<div class=\"elementor-widget-wrap elementor-element-populated\">\n\t\t\t\t\t\t<div class=\"elementor-element elementor-element-a9de316 elementor-widget elementor-widget-image\" data-id=\"a9de316\" data-element_type=\"widget\" data-e-type=\"widget\" data-widget_type=\"image.default\">\n\t\t\t\t<div class=\"elementor-widget-container\">\n\t\t\t\t\t\t\t\t\t\t\t\t\t\t\t<img fetchpriority=\"high\" decoding=\"async\" width=\"407\" height=\"487\" src=\"https:\/\/quovidis.com\/wp-content\/uploads\/2020\/08\/perspectives.ch_2016.png\" class=\"attachment-large size-large wp-image-1516\" alt=\"\" srcset=\"https:\/\/quovidis.com\/wp-content\/uploads\/2020\/08\/perspectives.ch_2016.png 407w, https:\/\/quovidis.com\/wp-content\/uploads\/2020\/08\/perspectives.ch_2016-251x300.png 251w\" sizes=\"(max-width: 407px) 100vw, 407px\" \/>\t\t\t\t\t\t\t\t\t\t\t\t\t\t\t<\/div>\n\t\t\t\t<\/div>\n\t\t\t\t\t<\/div>\n\t\t<\/div>\n\t\t\t\t<div class=\"has_eae_slider elementor-column elementor-col-50 elementor-top-column elementor-element elementor-element-72421e9\" data-eae-slider=\"30776\" data-id=\"72421e9\" data-element_type=\"column\" data-e-type=\"column\">\n\t\t\t<div class=\"elementor-widget-wrap elementor-element-populated\">\n\t\t\t\t\t\t<div class=\"elementor-element elementor-element-918fd3b elementor-widget elementor-widget-text-editor\" data-id=\"918fd3b\" data-element_type=\"widget\" data-e-type=\"widget\" data-widget_type=\"text-editor.default\">\n\t\t\t\t<div class=\"elementor-widget-container\">\n\t\t\t\t\t\t\t\t\t<p>Quovidis es un servicio de Perspectives Software Solutions GmbH, Zurich, Suiza.<\/p><p>Perspectives Software Solutions GmbH<br \/>Birmensdorferstrasse 101<br \/>CH-8003 Zurich<br \/>Switzerland<\/p><p>E-mail\u00a0<a href=\"mailto:of****@**********es.ch\" data-original-string=\"Ayn43pssDJodzUqmD+RhFA==68cScZb5xMm3Y9e0g6VT5QjFf9yo1C7tbMhf1TswjxReIw=\" title=\"Este contacto ha sido codificado por Anti-Spam by CleanTalk. Haz clic para decodificar. Para finalizar la decodificaci\u00f3n, aseg\u00farate de que JavaScript est\u00e1 activado en tu navegador.\"><span \n                data-original-string='B1uUaV6dnyxZCxy4W5tBZA==68ca6R\/6NmEQT4Ldn3f2zWmSeiV9OQGNKi8hDxdUOAMuJ0='\n                class='apbct-email-encoder'\n                title='Este contacto ha sido codificado por Anti-Spam by CleanTalk. Haz clic para decodificar. Para finalizar la decodificaci\u00f3n, aseg\u00farate de que JavaScript est\u00e1 activado en tu navegador.'>of<span class=\"apbct-blur\">****<\/span>@<span class=\"apbct-blur\">**********<\/span>es.ch<\/span><\/a><\/p><p><a href=\"https:\/\/www.perspectives.ch\/\" target=\"_blank\" rel=\"noopener\">https:\/\/www.perspectives.ch<\/a><\/p><p>Todos los nombres de empresas, logotipos, marcas comerciales y nombres de productos mencionados o mostrados aqu\u00ed, o en sitios web asociados o en productos de software pueden ser marcas comerciales con derechos de autor o marcas comerciales registradas de sus respectivos propietarios.<\/p>\t\t\t\t\t\t\t\t<\/div>\n\t\t\t\t<\/div>\n\t\t\t\t\t<\/div>\n\t\t<\/div>\n\t\t\t\t\t<\/div>\n\t\t<\/section>\n\t\t\t\t<\/div>\n\t\t","protected":false},"excerpt":{"rendered":"<p>Quovidis es un servicio de Perspectives Software Solutions GmbH, Zurich, Suiza. Perspectives Software Solutions GmbHBirmensdorferstrasse 101CH-8003 ZurichSwitzerland E-mail\u00a0of****@**********es.ch https:\/\/www.perspectives.ch Todos los nombres de empresas, logotipos, marcas comerciales y nombres de productos mencionados o mostrados aqu\u00ed, o en sitios web asociados o en productos de software pueden ser marcas comerciales con derechos de autor o marcas [&hellip;]<\/p>\n","protected":false},"author":1,"featured_media":0,"parent":0,"menu_order":0,"comment_status":"closed","ping_status":"closed","template":"","meta":{"footnotes":""},"class_list":["post-1514","page","type-page","status-publish","hentry"],"yoast_head":"<!-- This site is optimized with the Yoast SEO Premium plugin v14.9 - https:\/\/yoast.com\/wordpress\/plugins\/seo\/ -->\n<title>Impressum - Quovidis<\/title>\n<meta name=\"robots\" content=\"index, follow, max-snippet:-1, max-image-preview:large, max-video-preview:-1\" \/>\n<link rel=\"canonical\" href=\"https:\/\/quovidis.com\/es\/impressum\/\" \/>\n<meta property=\"og:locale\" content=\"es_ES\" \/>\n<meta property=\"og:type\" content=\"article\" \/>\n<meta property=\"og:title\" content=\"Impressum - Quovidis\" \/>\n<meta property=\"og:description\" content=\"Quovidis es un servicio de Perspectives Software Solutions GmbH, Zurich, Suiza. Perspectives Software Solutions GmbHBirmensdorferstrasse 101CH-8003 ZurichSwitzerland E-mail\u00a0of****@**********es.ch https:\/\/www.perspectives.ch Todos los nombres de empresas, logotipos, marcas comerciales y nombres de productos mencionados o mostrados aqu\u00ed, o en sitios web asociados o en productos de software pueden ser marcas comerciales con derechos de autor o marcas [&hellip;]\" \/>\n<meta property=\"og:url\" content=\"https:\/\/quovidis.com\/es\/impressum\/\" \/>\n<meta property=\"og:site_name\" content=\"Quovidis\" \/>\n<meta property=\"article:modified_time\" content=\"2020-08-23T15:31:29+00:00\" \/>\n<meta property=\"og:image\" content=\"https:\/\/quovidis.org\/wp-content\/uploads\/2020\/08\/perspectives.ch_2016.png\" \/>\n<meta name=\"twitter:card\" content=\"summary_large_image\" \/>\n<script type=\"application\/ld+json\" class=\"yoast-schema-graph\">{\"@context\":\"https:\/\/schema.org\",\"@graph\":[{\"@type\":\"WebSite\",\"@id\":\"https:\/\/quovidis.com\/es\/#website\",\"url\":\"https:\/\/quovidis.com\/es\/\",\"name\":\"Quovidis\",\"description\":\"Receive information from places you&#039;ve visited -  100% anonymously\",\"potentialAction\":[{\"@type\":\"SearchAction\",\"target\":\"https:\/\/quovidis.com\/es\/?s={search_term_string}\",\"query-input\":\"required name=search_term_string\"}],\"inLanguage\":\"es\"},{\"@type\":\"ImageObject\",\"@id\":\"https:\/\/quovidis.com\/es\/impressum\/#primaryimage\",\"inLanguage\":\"es\",\"url\":\"https:\/\/quovidis.org\/wp-content\/uploads\/2020\/08\/perspectives.ch_2016.png\"},{\"@type\":\"WebPage\",\"@id\":\"https:\/\/quovidis.com\/es\/impressum\/#webpage\",\"url\":\"https:\/\/quovidis.com\/es\/impressum\/\",\"name\":\"Impressum - Quovidis\",\"isPartOf\":{\"@id\":\"https:\/\/quovidis.com\/es\/#website\"},\"primaryImageOfPage\":{\"@id\":\"https:\/\/quovidis.com\/es\/impressum\/#primaryimage\"},\"datePublished\":\"2020-08-23T15:30:18+00:00\",\"dateModified\":\"2020-08-23T15:31:29+00:00\",\"inLanguage\":\"es\",\"potentialAction\":[{\"@type\":\"ReadAction\",\"target\":[\"https:\/\/quovidis.com\/es\/impressum\/\"]}]}]}<\/script>\n<!-- \/ Yoast SEO Premium plugin. -->","_links":{"self":[{"href":"https:\/\/quovidis.com\/es\/wp-json\/wp\/v2\/pages\/1514","targetHints":{"allow":["GET"]}}],"collection":[{"href":"https:\/\/quovidis.com\/es\/wp-json\/wp\/v2\/pages"}],"about":[{"href":"https:\/\/quovidis.com\/es\/wp-json\/wp\/v2\/types\/page"}],"author":[{"embeddable":true,"href":"https:\/\/quovidis.com\/es\/wp-json\/wp\/v2\/users\/1"}],"replies":[{"embeddable":true,"href":"https:\/\/quovidis.com\/es\/wp-json\/wp\/v2\/comments?post=1514"}],"version-history":[{"count":0,"href":"https:\/\/quovidis.com\/es\/wp-json\/wp\/v2\/pages\/1514\/revisions"}],"wp:attachment":[{"href":"https:\/\/quovidis.com\/es\/wp-json\/wp\/v2\/media?parent=1514"}],"curies":[{"name":"wp","href":"https:\/\/api.w.org\/{rel}","templated":true}]}}