{"id":1493,"date":"2020-08-23T16:54:32","date_gmt":"2020-08-23T14:54:32","guid":{"rendered":"https:\/\/quovidis.org\/?page_id=1493"},"modified":"2020-08-23T16:58:08","modified_gmt":"2020-08-23T14:58:08","slug":"impressum","status":"publish","type":"page","link":"https:\/\/quovidis.com\/de\/impressum\/","title":{"rendered":"Impressum"},"content":{"rendered":"\t\t<div data-elementor-type=\"wp-page\" data-elementor-id=\"1493\" class=\"elementor elementor-1493 elementor-260\" data-elementor-post-type=\"page\">\n\t\t\t\t\t\t<section class=\"has_eae_slider elementor-section elementor-top-section elementor-element elementor-element-0249605 elementor-section-boxed elementor-section-height-default elementor-section-height-default\" data-eae-slider=\"68956\" data-id=\"0249605\" data-element_type=\"section\" data-e-type=\"section\">\n\t\t\t\t\t\t<div class=\"elementor-container elementor-column-gap-default\">\n\t\t\t\t\t<div class=\"has_eae_slider elementor-column elementor-col-50 elementor-top-column elementor-element elementor-element-9558067\" data-eae-slider=\"80604\" data-id=\"9558067\" data-element_type=\"column\" data-e-type=\"column\">\n\t\t\t<div class=\"elementor-widget-wrap elementor-element-populated\">\n\t\t\t\t\t\t<div class=\"elementor-element elementor-element-a9de316 elementor-widget elementor-widget-image\" data-id=\"a9de316\" data-element_type=\"widget\" data-e-type=\"widget\" data-widget_type=\"image.default\">\n\t\t\t\t<div class=\"elementor-widget-container\">\n\t\t\t\t\t\t\t\t\t\t\t\t\t\t\t<img fetchpriority=\"high\" decoding=\"async\" width=\"407\" height=\"487\" src=\"https:\/\/quovidis.com\/wp-content\/uploads\/2020\/08\/perspectives.ch_2016.png\" class=\"attachment-large size-large wp-image-1495\" alt=\"\" srcset=\"https:\/\/quovidis.com\/wp-content\/uploads\/2020\/08\/perspectives.ch_2016.png 407w, https:\/\/quovidis.com\/wp-content\/uploads\/2020\/08\/perspectives.ch_2016-251x300.png 251w\" sizes=\"(max-width: 407px) 100vw, 407px\" \/>\t\t\t\t\t\t\t\t\t\t\t\t\t\t\t<\/div>\n\t\t\t\t<\/div>\n\t\t\t\t\t<\/div>\n\t\t<\/div>\n\t\t\t\t<div class=\"has_eae_slider elementor-column elementor-col-50 elementor-top-column elementor-element elementor-element-72421e9\" data-eae-slider=\"69717\" data-id=\"72421e9\" data-element_type=\"column\" data-e-type=\"column\">\n\t\t\t<div class=\"elementor-widget-wrap elementor-element-populated\">\n\t\t\t\t\t\t<div class=\"elementor-element elementor-element-918fd3b elementor-widget elementor-widget-text-editor\" data-id=\"918fd3b\" data-element_type=\"widget\" data-e-type=\"widget\" data-widget_type=\"text-editor.default\">\n\t\t\t\t<div class=\"elementor-widget-container\">\n\t\t\t\t\t\t\t\t\t<p>Quovidis ist eine Dienstleistung von Perspectives Software Solutions GmbH, Z\u00fcrich, Schweiz.<\/p><p>Perspectives Software Solutions GmbH<br \/>Birmensdorferstrasse 101<br \/>CH-8003 Z\u00fcrich<br \/>Schweiz<\/p><p>E-Mail <a href=\"mailto:of****@**********es.ch\" data-original-string=\"OZy4\/eX7mARdvLYBWtc2nA==68cCkxmB\/RQazkwRKE+g9Vci2gcC0ODjtAF3agGPM4adto=\" title=\"Dieser Kontakt wurde von Anti-Spam by CleanTalk verschl\u00fcsselt. Klicken Sie hier, um ihn zu entschl\u00fcsseln. Um die Entschl\u00fcsselung abzuschlie\u00dfen, stellen Sie sicher, dass JavaScript in Ihrem Browser aktiviert ist.\"><span \n                data-original-string='DRUfFPqw3K9WeJqhuMRqpg==68cQZamxkP3SqqRwFEuJtOZ+WGlRuQ5OmLEelgfteOEWLY='\n                class='apbct-email-encoder'\n                title='Dieser Kontakt wurde von Anti-Spam by CleanTalk verschl\u00fcsselt. Klicken Sie hier, um ihn zu entschl\u00fcsseln. Um die Entschl\u00fcsselung abzuschlie\u00dfen, stellen Sie sicher, dass JavaScript in Ihrem Browser aktiviert ist.'>of<span class=\"apbct-blur\">****<\/span>@<span class=\"apbct-blur\">**********<\/span>es.ch<\/span><\/a><\/p><p><a href=\"https:\/\/www.perspectives.ch\/\" target=\"_blank\" rel=\"noopener\">https:\/\/www.perspectives.ch<\/a><\/p><p>Alle Firmennamen, Logos, Warenzeichen und Produktnamen, die hier oder auf zugeh\u00f6rigen Websites oder in Softwareprodukten erw\u00e4hnt oder gezeigt werden, k\u00f6nnen urheberrechtlich gesch\u00fctzte Warenzeichen oder eingetragene Warenzeichen ihrer jeweiligen Eigent\u00fcmer sein.<\/p>\t\t\t\t\t\t\t\t<\/div>\n\t\t\t\t<\/div>\n\t\t\t\t\t<\/div>\n\t\t<\/div>\n\t\t\t\t\t<\/div>\n\t\t<\/section>\n\t\t\t\t<\/div>\n\t\t","protected":false},"excerpt":{"rendered":"<p>Quovidis ist eine Dienstleistung von Perspectives Software Solutions GmbH, Z\u00fcrich, Schweiz. Perspectives Software Solutions GmbHBirmensdorferstrasse 101CH-8003 Z\u00fcrichSchweiz E-Mail of****@**********es.ch https:\/\/www.perspectives.ch Alle Firmennamen, Logos, Warenzeichen und Produktnamen, die hier oder auf zugeh\u00f6rigen Websites oder in Softwareprodukten erw\u00e4hnt oder gezeigt werden, k\u00f6nnen urheberrechtlich gesch\u00fctzte Warenzeichen oder eingetragene Warenzeichen ihrer jeweiligen Eigent\u00fcmer sein.<\/p>\n","protected":false},"author":1,"featured_media":0,"parent":0,"menu_order":0,"comment_status":"closed","ping_status":"closed","template":"","meta":{"footnotes":""},"class_list":["post-1493","page","type-page","status-publish","hentry"],"yoast_head":"<!-- This site is optimized with the Yoast SEO Premium plugin v14.9 - https:\/\/yoast.com\/wordpress\/plugins\/seo\/ -->\n<title>Impressum - Quovidis<\/title>\n<meta name=\"robots\" content=\"index, follow, max-snippet:-1, max-image-preview:large, max-video-preview:-1\" \/>\n<link rel=\"canonical\" href=\"https:\/\/quovidis.com\/de\/impressum\/\" \/>\n<meta property=\"og:locale\" content=\"de_DE\" \/>\n<meta property=\"og:type\" content=\"article\" \/>\n<meta property=\"og:title\" content=\"Impressum - Quovidis\" \/>\n<meta property=\"og:description\" content=\"Quovidis ist eine Dienstleistung von Perspectives Software Solutions GmbH, Z\u00fcrich, Schweiz. Perspectives Software Solutions GmbHBirmensdorferstrasse 101CH-8003 Z\u00fcrichSchweiz E-Mail of****@**********es.ch https:\/\/www.perspectives.ch Alle Firmennamen, Logos, Warenzeichen und Produktnamen, die hier oder auf zugeh\u00f6rigen Websites oder in Softwareprodukten erw\u00e4hnt oder gezeigt werden, k\u00f6nnen urheberrechtlich gesch\u00fctzte Warenzeichen oder eingetragene Warenzeichen ihrer jeweiligen Eigent\u00fcmer sein.\" \/>\n<meta property=\"og:url\" content=\"https:\/\/quovidis.com\/de\/impressum\/\" \/>\n<meta property=\"og:site_name\" content=\"Quovidis\" \/>\n<meta property=\"article:modified_time\" content=\"2020-08-23T14:58:08+00:00\" \/>\n<meta property=\"og:image\" content=\"https:\/\/quovidis.org\/wp-content\/uploads\/2020\/08\/perspectives.ch_2016.png\" \/>\n<meta name=\"twitter:card\" content=\"summary_large_image\" \/>\n<script type=\"application\/ld+json\" class=\"yoast-schema-graph\">{\"@context\":\"https:\/\/schema.org\",\"@graph\":[{\"@type\":\"WebSite\",\"@id\":\"https:\/\/quovidis.com\/de\/#website\",\"url\":\"https:\/\/quovidis.com\/de\/\",\"name\":\"Quovidis\",\"description\":\"Receive information from places you&#039;ve visited -  100% anonymously\",\"potentialAction\":[{\"@type\":\"SearchAction\",\"target\":\"https:\/\/quovidis.com\/de\/?s={search_term_string}\",\"query-input\":\"required name=search_term_string\"}],\"inLanguage\":\"de\"},{\"@type\":\"ImageObject\",\"@id\":\"https:\/\/quovidis.com\/de\/impressum\/#primaryimage\",\"inLanguage\":\"de\",\"url\":\"https:\/\/quovidis.org\/wp-content\/uploads\/2020\/08\/perspectives.ch_2016.png\"},{\"@type\":\"WebPage\",\"@id\":\"https:\/\/quovidis.com\/de\/impressum\/#webpage\",\"url\":\"https:\/\/quovidis.com\/de\/impressum\/\",\"name\":\"Impressum - Quovidis\",\"isPartOf\":{\"@id\":\"https:\/\/quovidis.com\/de\/#website\"},\"primaryImageOfPage\":{\"@id\":\"https:\/\/quovidis.com\/de\/impressum\/#primaryimage\"},\"datePublished\":\"2020-08-23T14:54:32+00:00\",\"dateModified\":\"2020-08-23T14:58:08+00:00\",\"inLanguage\":\"de\",\"potentialAction\":[{\"@type\":\"ReadAction\",\"target\":[\"https:\/\/quovidis.com\/de\/impressum\/\"]}]}]}<\/script>\n<!-- \/ Yoast SEO Premium plugin. -->","_links":{"self":[{"href":"https:\/\/quovidis.com\/de\/wp-json\/wp\/v2\/pages\/1493","targetHints":{"allow":["GET"]}}],"collection":[{"href":"https:\/\/quovidis.com\/de\/wp-json\/wp\/v2\/pages"}],"about":[{"href":"https:\/\/quovidis.com\/de\/wp-json\/wp\/v2\/types\/page"}],"author":[{"embeddable":true,"href":"https:\/\/quovidis.com\/de\/wp-json\/wp\/v2\/users\/1"}],"replies":[{"embeddable":true,"href":"https:\/\/quovidis.com\/de\/wp-json\/wp\/v2\/comments?post=1493"}],"version-history":[{"count":0,"href":"https:\/\/quovidis.com\/de\/wp-json\/wp\/v2\/pages\/1493\/revisions"}],"wp:attachment":[{"href":"https:\/\/quovidis.com\/de\/wp-json\/wp\/v2\/media?parent=1493"}],"curies":[{"name":"wp","href":"https:\/\/api.w.org\/{rel}","templated":true}]}}